{"id":744,"date":"2017-07-21T07:43:13","date_gmt":"2017-07-21T07:43:13","guid":{"rendered":"http:\/\/www.helixcv.com\/?page_id=744"},"modified":"2019-05-30T12:56:50","modified_gmt":"2019-05-30T10:56:50","slug":"accesibilidad","status":"publish","type":"page","link":"http:\/\/www.helixcv.com\/index.php\/accesibilidad\/","title":{"rendered":"ACCESIBILIDAD"},"content":{"rendered":"<blockquote data-secret=\"09TieedpW8\" class=\"wp-embedded-content\"><p><a href=\"http:\/\/www.helixcv.com\/index.php\/2017\/07\/11\/que-es-la-accesibilidad\/\">Qu\u00e9 es la accesibilidad<\/a><\/p><\/blockquote>\n<p><iframe class=\"wp-embedded-content\" sandbox=\"allow-scripts\" security=\"restricted\" style=\"position: absolute; clip: rect(1px, 1px, 1px, 1px);\" src=\"http:\/\/www.helixcv.com\/index.php\/2017\/07\/11\/que-es-la-accesibilidad\/embed\/#?secret=09TieedpW8\" data-secret=\"09TieedpW8\" width=\"600\" height=\"338\" title=\"&#8220;Qu\u00e9 es la accesibilidad&#8221; &#8212; \" frameborder=\"0\" marginwidth=\"0\" marginheight=\"0\" scrolling=\"no\"><\/iframe><\/p>\n<blockquote class=\"wp-embedded-content\" data-secret=\"kcWnLRQS3e\"><p><a href=\"http:\/\/www.helixcv.com\/index.php\/2019\/01\/03\/subtitulado-en-tiempo-real\/\">Subtitulado en tiempo real<\/a><\/p><\/blockquote>\n<p><iframe class=\"wp-embedded-content\" sandbox=\"allow-scripts\" security=\"restricted\" style=\"position: absolute; clip: rect(1px, 1px, 1px, 1px);\" src=\"http:\/\/www.helixcv.com\/index.php\/2019\/01\/03\/subtitulado-en-tiempo-real\/embed\/#?secret=kcWnLRQS3e\" data-secret=\"kcWnLRQS3e\" width=\"600\" height=\"338\" title=\"&#8220;Subtitulado en tiempo real&#8221; &#8212; \" frameborder=\"0\" marginwidth=\"0\" marginheight=\"0\" scrolling=\"no\"><\/iframe><\/p>\n<blockquote class=\"wp-embedded-content\" data-secret=\"etOmyJXamq\"><p><a href=\"http:\/\/www.helixcv.com\/index.php\/2019\/01\/03\/subtitulos-para-personas-sordas-sps\/\">Subt\u00edtulos para Personas Sordas (SPS)<\/a><\/p><\/blockquote>\n<p><iframe class=\"wp-embedded-content\" sandbox=\"allow-scripts\" security=\"restricted\" style=\"position: absolute; clip: rect(1px, 1px, 1px, 1px);\" src=\"http:\/\/www.helixcv.com\/index.php\/2019\/01\/03\/subtitulos-para-personas-sordas-sps\/embed\/#?secret=etOmyJXamq\" data-secret=\"etOmyJXamq\" width=\"600\" height=\"338\" title=\"&#8220;Subt\u00edtulos para Personas Sordas (SPS)&#8221; &#8212; \" frameborder=\"0\" marginwidth=\"0\" marginheight=\"0\" scrolling=\"no\"><\/iframe><\/p>\n<blockquote class=\"wp-embedded-content\" data-secret=\"midNBbtTU4\"><p><a href=\"http:\/\/www.helixcv.com\/index.php\/2019\/01\/03\/bucles-magneticos\/\">Bucles magn\u00e9ticos<\/a><\/p><\/blockquote>\n<p><iframe class=\"wp-embedded-content\" sandbox=\"allow-scripts\" security=\"restricted\" style=\"position: absolute; clip: rect(1px, 1px, 1px, 1px);\" src=\"http:\/\/www.helixcv.com\/index.php\/2019\/01\/03\/bucles-magneticos\/embed\/#?secret=midNBbtTU4\" data-secret=\"midNBbtTU4\" width=\"600\" height=\"338\" title=\"&#8220;Bucles magn\u00e9ticos&#8221; &#8212; \" frameborder=\"0\" marginwidth=\"0\" marginheight=\"0\" scrolling=\"no\"><\/iframe><\/p>\n<blockquote data-secret=\"A6UleRciX2\" class=\"wp-embedded-content\"><p><a href=\"http:\/\/www.helixcv.com\/index.php\/2017\/07\/21\/actos-accesibles\/\">Actos accesibles<\/a><\/p><\/blockquote>\n<p><iframe class=\"wp-embedded-content\" sandbox=\"allow-scripts\" security=\"restricted\" style=\"position: absolute; clip: rect(1px, 1px, 1px, 1px);\" src=\"http:\/\/www.helixcv.com\/index.php\/2017\/07\/21\/actos-accesibles\/embed\/#?secret=A6UleRciX2\" data-secret=\"A6UleRciX2\" width=\"600\" height=\"338\" title=\"&#8220;Actos accesibles&#8221; &#8212; \" frameborder=\"0\" marginwidth=\"0\" marginheight=\"0\" scrolling=\"no\"><\/iframe><\/p>\n","protected":false},"excerpt":{"rendered":"<p>Qu\u00e9 es la accesibilidad Subtitulado en tiempo real Subt\u00edtulos para Personas Sordas (SPS) Bucles magn\u00e9ticos Actos accesibles<\/p>\n","protected":false},"author":1,"featured_media":0,"parent":0,"menu_order":0,"comment_status":"closed","ping_status":"closed","template":"","meta":{"spay_email":""},"tags":[],"jetpack_sharing_enabled":true,"jetpack_shortlink":"https:\/\/wp.me\/PaAiqS-c0","_links":{"self":[{"href":"http:\/\/www.helixcv.com\/index.php\/wp-json\/wp\/v2\/pages\/744"}],"collection":[{"href":"http:\/\/www.helixcv.com\/index.php\/wp-json\/wp\/v2\/pages"}],"about":[{"href":"http:\/\/www.helixcv.com\/index.php\/wp-json\/wp\/v2\/types\/page"}],"author":[{"embeddable":true,"href":"http:\/\/www.helixcv.com\/index.php\/wp-json\/wp\/v2\/users\/1"}],"replies":[{"embeddable":true,"href":"http:\/\/www.helixcv.com\/index.php\/wp-json\/wp\/v2\/comments?post=744"}],"version-history":[{"count":9,"href":"http:\/\/www.helixcv.com\/index.php\/wp-json\/wp\/v2\/pages\/744\/revisions"}],"predecessor-version":[{"id":2013,"href":"http:\/\/www.helixcv.com\/index.php\/wp-json\/wp\/v2\/pages\/744\/revisions\/2013"}],"wp:attachment":[{"href":"http:\/\/www.helixcv.com\/index.php\/wp-json\/wp\/v2\/media?parent=744"}],"wp:term":[{"taxonomy":"post_tag","embeddable":true,"href":"http:\/\/www.helixcv.com\/index.php\/wp-json\/wp\/v2\/tags?post=744"}],"curies":[{"name":"wp","href":"https:\/\/api.w.org\/{rel}","templated":true}]}}